{"id":778,"date":"2025-06-06T18:06:00","date_gmt":"2025-06-06T15:06:00","guid":{"rendered":"http:\/\/softetik.com\/?post_type=product&#038;p=778"},"modified":"2025-06-06T18:06:00","modified_gmt":"2025-06-06T15:06:00","slug":"wimo-co-201-2li-anten-secici-anahtar-uhf-konnektor","status":"publish","type":"product","link":"https:\/\/foxelektronik.com\/index.php\/product\/wimo-co-201-2li-anten-secici-anahtar-uhf-konnektor\/","title":{"rendered":"WIMO CO-201 2L\u0130 ANTEN SE\u00c7\u0130C\u0130 ANAHTAR UHF KONNEKT\u00d6R"},"content":{"rendered":"<h3 style=\"font-weight: 500;\">Detay \u00d6zellikler<\/h3>\n<p><b>2 L\u0130\u00a0 ANTEN SE\u00c7\u0130C\u0130 ANAHTAR\u00a0 UHF KONNEKT\u00d6RL\u00dc<\/b><\/p>\n<p><b>Max kullan\u0131m frekans\u0131: 600 Mhz<\/b><\/p>\n<p><b>Max power: 1KW CW<\/b><\/p>\n<p><b>Kay\u0131p: &lt;0.2dB<\/b><\/p>\n<p><b>VSWR: &lt;1.2:1<\/b><\/p>\n<p><b>Empendans: 50 Ohms<\/b><\/p>\n<p><b>Bo\u015fta kalan kullan\u0131lmayan taraf \u015faselenir<\/b><\/p>\n<p><b>Telsiz istasyonunda bir cihaz, iki anten oldu\u011funda antenlerin s\u0131rayla devreye al\u0131nmas\u0131n\u0131 veya \u00e7\u0131kar\u0131lmas\u0131n\u0131 sa\u011flar.<\/b><\/p>\n<p>&nbsp;<\/p>\n<p>\u00dcr\u00fcn hakk\u0131nda detayl\u0131 bilgi i\u00e7in bizimle ileti\u015fime ge\u00e7iniz<\/p>\n<p>&nbsp;<\/p>\n<p>&nbsp;<\/p>\n<p>0539 858 56 45 WP<\/p>\n","protected":false},"excerpt":{"rendered":"<p>Detay \u00d6zellikler 2 L\u0130\u00a0 ANTEN SE\u00c7\u0130C\u0130 ANAHTAR\u00a0 UHF KONNEKT\u00d6RL\u00dc Max kullan\u0131m frekans\u0131: 600 Mhz Max power: 1KW CW Kay\u0131p: &lt;0.2dB VSWR: &lt;1.2:1 Empendans: 50 Ohms Bo\u015fta kalan kullan\u0131lmayan taraf \u015faselenir Telsiz istasyonunda bir cihaz, iki anten oldu\u011funda antenlerin s\u0131rayla devreye al\u0131nmas\u0131n\u0131 veya \u00e7\u0131kar\u0131lmas\u0131n\u0131 sa\u011flar. &nbsp; \u00dcr\u00fcn hakk\u0131nda detayl\u0131 bilgi i\u00e7in bizimle ileti\u015fime ge\u00e7iniz &nbsp; &nbsp; [&hellip;]<\/p>\n","protected":false},"featured_media":779,"template":"","meta":[],"product_brand":[105],"product_cat":[64,91],"product_tag":[],"class_list":{"0":"post-778","1":"product","2":"type-product","3":"status-publish","4":"has-post-thumbnail","6":"product_brand-wimo","7":"product_cat-rf-kablolar","8":"product_cat-rf-konnektorleri","10":"first","11":"instock","12":"shipping-taxable","13":"product-type-simple"},"_links":{"self":[{"href":"https:\/\/foxelektronik.com\/index.php\/wp-json\/wp\/v2\/product\/778","targetHints":{"allow":["GET"]}}],"collection":[{"href":"https:\/\/foxelektronik.com\/index.php\/wp-json\/wp\/v2\/product"}],"about":[{"href":"https:\/\/foxelektronik.com\/index.php\/wp-json\/wp\/v2\/types\/product"}],"wp:featuredmedia":[{"embeddable":true,"href":"https:\/\/foxelektronik.com\/index.php\/wp-json\/wp\/v2\/media\/779"}],"wp:attachment":[{"href":"https:\/\/foxelektronik.com\/index.php\/wp-json\/wp\/v2\/media?parent=778"}],"wp:term":[{"taxonomy":"product_brand","embeddable":true,"href":"https:\/\/foxelektronik.com\/index.php\/wp-json\/wp\/v2\/product_brand?post=778"},{"taxonomy":"product_cat","embeddable":true,"href":"https:\/\/foxelektronik.com\/index.php\/wp-json\/wp\/v2\/product_cat?post=778"},{"taxonomy":"product_tag","embeddable":true,"href":"https:\/\/foxelektronik.com\/index.php\/wp-json\/wp\/v2\/product_tag?post=778"}],"curies":[{"name":"wp","href":"https:\/\/api.w.org\/{rel}","templated":true}]}}