{"id":790,"date":"2025-06-06T18:10:22","date_gmt":"2025-06-06T15:10:22","guid":{"rendered":"http:\/\/softetik.com\/?post_type=product&#038;p=790"},"modified":"2025-06-06T18:10:22","modified_gmt":"2025-06-06T15:10:22","slug":"rg-213-50-ohm-2m-kablo-yuksek-kaliteli","status":"publish","type":"product","link":"https:\/\/foxelektronik.com\/index.php\/product\/rg-213-50-ohm-2m-kablo-yuksek-kaliteli\/","title":{"rendered":"RG 213 50 OHM 2M KABLO Y\u00dcKSEK KAL\u0130TEL\u0130"},"content":{"rendered":"<p>Kullan\u0131m Alanlar\u0131<\/p>\n<p>Telsiz ve data ileti\u015fim sistemlerinde y\u00fcksek\u00a0 sinyal dizilerinde d\u00fc\u015f\u00fck zay\u0131flama gerektiren yerlerde ba\u011flant\u0131 kablosuolarak kullan\u0131l\u0131r.<\/p>\n<p>Kablo Yap\u0131s\u0131<\/p>\n<p>\u0130letken 7&#215;0.75 mm B\u00fck\u00fcl\u00fcTavl\u0131 Bak\u0131r<\/p>\n<p>Yal\u0131t\u0131m \u00d8 7.25 mm SolidPE(EN 50290-2)<\/p>\n<p>1.Ekran Tavl\u0131 Bak\u0131rTel \u00d6rg\u00fc(%95Kapama Oran\u0131)<\/p>\n<p>D\u0131\u015fK\u0131l\u0131f \u00d8 10.20 mm PVC(EN 50290-2-22\/TM51),Siyah<\/p>\n<p>ReferansStandartlar MIL-C-17,TS2637IEC60096-1,EN 50117,TS5757IEC60096-3<\/p>\n<p>Teknik \u00d6zellikler<\/p>\n<p>\u00c7al\u0131\u015fmaGerilimi 5kV<\/p>\n<p>TestGerilimi 10kV<\/p>\n<p>Yay\u0131lma H\u0131z\u0131 0,66<\/p>\n<p>\u0130letken Direnci \u22646 \u03a9\/km<\/p>\n<p>\u0130zolasyon Direnci &gt;2000 M.\u03a9xkm<\/p>\n<p>Kapasite(800Hz) \u2264101pF\/m<\/p>\n<p>Empedans 50\u00b12 \u03a9<\/p>\n<p>\u00c7al\u0131\u015fmaS\u0131cakl\u0131\u011f\u0131 -30\u00b0C&#8230;&#8230;..+70\u00b0C<\/p>\n<p>Min.B\u00fck\u00fclmeYar\u0131\u00e7ap\u0131 102 mm<\/p>\n<p>Kesitler<\/p>\n","protected":false},"excerpt":{"rendered":"<p>Kullan\u0131m Alanlar\u0131 Telsiz ve data ileti\u015fim sistemlerinde y\u00fcksek\u00a0 sinyal dizilerinde d\u00fc\u015f\u00fck zay\u0131flama gerektiren yerlerde ba\u011flant\u0131 kablosuolarak kullan\u0131l\u0131r. Kablo Yap\u0131s\u0131 \u0130letken 7&#215;0.75 mm B\u00fck\u00fcl\u00fcTavl\u0131 Bak\u0131r Yal\u0131t\u0131m \u00d8 7.25 mm SolidPE(EN 50290-2) 1.Ekran Tavl\u0131 Bak\u0131rTel \u00d6rg\u00fc(%95Kapama Oran\u0131) D\u0131\u015fK\u0131l\u0131f \u00d8 10.20 mm PVC(EN 50290-2-22\/TM51),Siyah ReferansStandartlar MIL-C-17,TS2637IEC60096-1,EN 50117,TS5757IEC60096-3 Teknik \u00d6zellikler \u00c7al\u0131\u015fmaGerilimi 5kV TestGerilimi 10kV Yay\u0131lma H\u0131z\u0131 0,66 \u0130letken Direnci [&hellip;]<\/p>\n","protected":false},"featured_media":791,"template":"","meta":[],"product_brand":[],"product_cat":[64],"product_tag":[],"class_list":{"0":"post-790","1":"product","2":"type-product","3":"status-publish","4":"has-post-thumbnail","6":"product_cat-rf-kablolar","8":"first","9":"instock","10":"shipping-taxable","11":"product-type-simple"},"_links":{"self":[{"href":"https:\/\/foxelektronik.com\/index.php\/wp-json\/wp\/v2\/product\/790","targetHints":{"allow":["GET"]}}],"collection":[{"href":"https:\/\/foxelektronik.com\/index.php\/wp-json\/wp\/v2\/product"}],"about":[{"href":"https:\/\/foxelektronik.com\/index.php\/wp-json\/wp\/v2\/types\/product"}],"wp:featuredmedia":[{"embeddable":true,"href":"https:\/\/foxelektronik.com\/index.php\/wp-json\/wp\/v2\/media\/791"}],"wp:attachment":[{"href":"https:\/\/foxelektronik.com\/index.php\/wp-json\/wp\/v2\/media?parent=790"}],"wp:term":[{"taxonomy":"product_brand","embeddable":true,"href":"https:\/\/foxelektronik.com\/index.php\/wp-json\/wp\/v2\/product_brand?post=790"},{"taxonomy":"product_cat","embeddable":true,"href":"https:\/\/foxelektronik.com\/index.php\/wp-json\/wp\/v2\/product_cat?post=790"},{"taxonomy":"product_tag","embeddable":true,"href":"https:\/\/foxelektronik.com\/index.php\/wp-json\/wp\/v2\/product_tag?post=790"}],"curies":[{"name":"wp","href":"https:\/\/api.w.org\/{rel}","templated":true}]}}