{"id":798,"date":"2025-06-06T18:16:51","date_gmt":"2025-06-06T15:16:51","guid":{"rendered":"http:\/\/softetik.com\/?post_type=product&#038;p=798"},"modified":"2025-06-06T18:34:29","modified_gmt":"2025-06-06T15:34:29","slug":"rg-213-u-kablo","status":"publish","type":"product","link":"https:\/\/foxelektronik.com\/index.php\/product\/rg-213-u-kablo\/","title":{"rendered":"RG 213\/U KABLO"},"content":{"rendered":"<p>RG 213\/U KABLO<\/p>\n<p>Telsiz ve radyo vericilerinde, radyo al\u0131c\u0131 ba\u011flant\u0131lar\u0131nda, elektronik laboratuvar cihaz\u0131 ba\u011flant\u0131lar\u0131 ve y\u00fcksek frekans digital uygulamalar\u0131nda kullan\u0131l\u0131r.<\/p>\n<p>KABLO YAPISI<\/p>\n<p>\u0130LG\u0130L\u0130 STANDART TSEK<\/p>\n<p>\u0130LETKEN 7&#215;0,76 mm Bak\u0131r Tel<\/p>\n<p>YALITKAN Polyethylene TS EN 50290-2-23<\/p>\n<p>EKRAN Bak\u0131r Tel \u00d6rg\u00fc<\/p>\n<p>DI\u015e KILIF PVC (polyvinyl chloride) TS EN 50290-2-22<\/p>\n<p>TEKN\u0130K \u00d6ZELL\u0130KLER<\/p>\n<p>D\u0130ELEKTR\u0130K DAYANIM 5000 V<\/p>\n<p>YALITIM D\u0130RENC\u0130 en az 10000 M\u2126 x Km<\/p>\n<p>YAYILMA HIZI 0,66<\/p>\n<p>\u00c7ALI\u015eMA SICAKLI\u011eI &#8211; 40 +70 \u00b0C<\/p>\n<p>KAPAS\u0130TE 101 pF\/m<\/p>\n<p>KARAKTER\u0130ST\u0130K EMPEDANS 50 \u00b1 2 \u2126<\/p>\n<p>B\u00dcK\u00dcLME YARI \u00c7API 15 x D<\/p>\n<p>ALEV GEC\u0130KT\u0130RME TS EN 60332-1-1, TS EN 60332-2-1<\/p>\n<p>ZAYIFLATMA TS EN 50289-1-8<\/p>\n<p>&nbsp;<\/p>\n<p>\u00d6zellikler<\/p>\n<p>MHz dB<\/p>\n<p>100 7,2<\/p>\n<p>200 11<\/p>\n<p>300<\/p>\n<p>400 15,5<\/p>\n<p>500<\/p>\n<p>600 21,0<\/p>\n<p>700<\/p>\n<p>800 25,0<\/p>\n<p>900<\/p>\n<p>1000 29,0<\/p>\n","protected":false},"excerpt":{"rendered":"<p>RG 213\/U KABLO Telsiz ve radyo vericilerinde, radyo al\u0131c\u0131 ba\u011flant\u0131lar\u0131nda, elektronik laboratuvar cihaz\u0131 ba\u011flant\u0131lar\u0131 ve y\u00fcksek frekans digital uygulamalar\u0131nda kullan\u0131l\u0131r. KABLO YAPISI \u0130LG\u0130L\u0130 STANDART TSEK \u0130LETKEN 7&#215;0,76 mm Bak\u0131r Tel YALITKAN Polyethylene TS EN 50290-2-23 EKRAN Bak\u0131r Tel \u00d6rg\u00fc DI\u015e KILIF PVC (polyvinyl chloride) TS EN 50290-2-22 TEKN\u0130K \u00d6ZELL\u0130KLER D\u0130ELEKTR\u0130K DAYANIM 5000 V YALITIM D\u0130RENC\u0130 [&hellip;]<\/p>\n","protected":false},"featured_media":799,"template":"","meta":[],"product_brand":[],"product_cat":[65,64],"product_tag":[],"class_list":{"0":"post-798","1":"product","2":"type-product","3":"status-publish","4":"has-post-thumbnail","6":"product_cat-helium-hotspot-ekipmanlari","7":"product_cat-rf-kablolar","9":"first","10":"instock","11":"shipping-taxable","12":"product-type-simple"},"_links":{"self":[{"href":"https:\/\/foxelektronik.com\/index.php\/wp-json\/wp\/v2\/product\/798","targetHints":{"allow":["GET"]}}],"collection":[{"href":"https:\/\/foxelektronik.com\/index.php\/wp-json\/wp\/v2\/product"}],"about":[{"href":"https:\/\/foxelektronik.com\/index.php\/wp-json\/wp\/v2\/types\/product"}],"wp:featuredmedia":[{"embeddable":true,"href":"https:\/\/foxelektronik.com\/index.php\/wp-json\/wp\/v2\/media\/799"}],"wp:attachment":[{"href":"https:\/\/foxelektronik.com\/index.php\/wp-json\/wp\/v2\/media?parent=798"}],"wp:term":[{"taxonomy":"product_brand","embeddable":true,"href":"https:\/\/foxelektronik.com\/index.php\/wp-json\/wp\/v2\/product_brand?post=798"},{"taxonomy":"product_cat","embeddable":true,"href":"https:\/\/foxelektronik.com\/index.php\/wp-json\/wp\/v2\/product_cat?post=798"},{"taxonomy":"product_tag","embeddable":true,"href":"https:\/\/foxelektronik.com\/index.php\/wp-json\/wp\/v2\/product_tag?post=798"}],"curies":[{"name":"wp","href":"https:\/\/api.w.org\/{rel}","templated":true}]}}