{"id":800,"date":"2025-06-06T18:17:31","date_gmt":"2025-06-06T15:17:31","guid":{"rendered":"http:\/\/softetik.com\/?post_type=product&#038;p=800"},"modified":"2025-06-06T18:34:49","modified_gmt":"2025-06-06T15:34:49","slug":"rg-58-c-u-kablo","status":"publish","type":"product","link":"https:\/\/foxelektronik.com\/index.php\/product\/rg-58-c-u-kablo\/","title":{"rendered":"RG 58 C\/U KABLO"},"content":{"rendered":"<p>RG 58 C\/U KABLO<\/p>\n<p>&nbsp;<\/p>\n<p>Telsiz ve radyo vericilerinde, Bilgisayar ETHERNET sistemlerinde, radyo al\u0131c\u0131 ba\u011flant\u0131lar\u0131nda, elektronik laboratuvar cihaz\u0131 ba\u011flant\u0131lar\u0131 ve y\u00fcksek frekans digital uygulamalar\u0131nda kullan\u0131l\u0131r.<\/p>\n<p>KABLO YAPISI<\/p>\n<p>\u0130LG\u0130L\u0130 STANDART TSEK<\/p>\n<p>\u0130LETKEN 19&#215;0,18 mm Kalay Kapl\u0131 Bak\u0131r Tel<\/p>\n<p>YALITKAN Polyethylene TS EN 50290-2-23<\/p>\n<p>EKRAN Kalay Kapl\u0131 Bak\u0131r Tel \u00d6rg\u00fc<\/p>\n<p>DI\u015e KILIF PVC (polyvinyl chloride)\u00a0 TS EN 50290-2-22 5,0 mm<\/p>\n<p>TEKN\u0130K \u00d6ZELL\u0130KLER<\/p>\n<p>D\u0130ELEKTR\u0130K DAYANIM 2000 V<\/p>\n<p>YALITIM D\u0130RENC\u0130 en az 10000 M\u2126 x Km<\/p>\n<p>YAYILMA HIZI 0,66<\/p>\n<p>\u00c7ALI\u015eMA SICAKLI\u011eI &#8211; 40 +70 \u00b0C<\/p>\n<p>KAPAS\u0130TE 101 pF\/m<\/p>\n<p>KARAKTER\u0130ST\u0130K EMPEDANS 50 \u00b1 2 \u2126<\/p>\n<p>B\u00dcK\u00dcLME YARI \u00c7API 15 x D<\/p>\n<p>ALEV GEC\u0130KT\u0130RME TS EN 60332-1-1, TS EN 60332-2-1<\/p>\n<p>ZAYIFLATMA TS EN 50289-1-8<\/p>\n<p>&nbsp;<\/p>\n<p>\u00d6zellikler<\/p>\n<p>MHz dB<\/p>\n<p>100 17<\/p>\n<p>200 24<\/p>\n<p>300<\/p>\n<p>400 38,0<\/p>\n<p>500<\/p>\n<p>600 46,0<\/p>\n<p>700<\/p>\n<p>800 53,0<\/p>\n<p>900<\/p>\n<p>1000 64,0<\/p>\n","protected":false},"excerpt":{"rendered":"<p>RG 58 C\/U KABLO &nbsp; Telsiz ve radyo vericilerinde, Bilgisayar ETHERNET sistemlerinde, radyo al\u0131c\u0131 ba\u011flant\u0131lar\u0131nda, elektronik laboratuvar cihaz\u0131 ba\u011flant\u0131lar\u0131 ve y\u00fcksek frekans digital uygulamalar\u0131nda kullan\u0131l\u0131r. KABLO YAPISI \u0130LG\u0130L\u0130 STANDART TSEK \u0130LETKEN 19&#215;0,18 mm Kalay Kapl\u0131 Bak\u0131r Tel YALITKAN Polyethylene TS EN 50290-2-23 EKRAN Kalay Kapl\u0131 Bak\u0131r Tel \u00d6rg\u00fc DI\u015e KILIF PVC (polyvinyl chloride)\u00a0 TS EN [&hellip;]<\/p>\n","protected":false},"featured_media":802,"template":"","meta":[],"product_brand":[],"product_cat":[64],"product_tag":[],"class_list":{"0":"post-800","1":"product","2":"type-product","3":"status-publish","4":"has-post-thumbnail","6":"product_cat-rf-kablolar","8":"first","9":"instock","10":"shipping-taxable","11":"product-type-simple"},"_links":{"self":[{"href":"https:\/\/foxelektronik.com\/index.php\/wp-json\/wp\/v2\/product\/800","targetHints":{"allow":["GET"]}}],"collection":[{"href":"https:\/\/foxelektronik.com\/index.php\/wp-json\/wp\/v2\/product"}],"about":[{"href":"https:\/\/foxelektronik.com\/index.php\/wp-json\/wp\/v2\/types\/product"}],"wp:featuredmedia":[{"embeddable":true,"href":"https:\/\/foxelektronik.com\/index.php\/wp-json\/wp\/v2\/media\/802"}],"wp:attachment":[{"href":"https:\/\/foxelektronik.com\/index.php\/wp-json\/wp\/v2\/media?parent=800"}],"wp:term":[{"taxonomy":"product_brand","embeddable":true,"href":"https:\/\/foxelektronik.com\/index.php\/wp-json\/wp\/v2\/product_brand?post=800"},{"taxonomy":"product_cat","embeddable":true,"href":"https:\/\/foxelektronik.com\/index.php\/wp-json\/wp\/v2\/product_cat?post=800"},{"taxonomy":"product_tag","embeddable":true,"href":"https:\/\/foxelektronik.com\/index.php\/wp-json\/wp\/v2\/product_tag?post=800"}],"curies":[{"name":"wp","href":"https:\/\/api.w.org\/{rel}","templated":true}]}}