{"id":805,"date":"2025-06-06T18:21:57","date_gmt":"2025-06-06T15:21:57","guid":{"rendered":"http:\/\/softetik.com\/?post_type=product&#038;p=805"},"modified":"2025-06-06T18:21:57","modified_gmt":"2025-06-06T15:21:57","slug":"surecom-sw-102-dijital-swr-watt-metre","status":"publish","type":"product","link":"https:\/\/foxelektronik.com\/index.php\/product\/surecom-sw-102-dijital-swr-watt-metre\/","title":{"rendered":"SureCom SW-102 Dijital SWR &#038; WATT Metre"},"content":{"rendered":"<p><strong>SureCom SW-102 Dijital SWR Metre<\/strong><\/p>\n<p>Herhangi bir kalibrasyon olmadan ileri ve yans\u0131yan g\u00fc\u00e7 do\u011frudan dijital ekranda okuma.<\/p>\n<p>120W&#8217;a kadar maksimum \u00f6l\u00e7\u00fclebilir g\u00fc\u00e7 aral\u0131\u011f\u0131.<\/p>\n<p>Frekans tarama<\/p>\n<p>SWR de\u011ferleri ekran\u0131<\/p>\n<p>Fonksiyonlar\u0131 : (Frekans, G\u00fc\u00e7, SWR, FW, RW, Pil Seviyesi)<\/p>\n<p>\u00d6zellikleri;<\/p>\n<p>Frekans aral\u0131\u011f\u0131: 125 &#8211; 525MHz<\/p>\n<p>\u00d6l\u00e7\u00fclebilir g\u00fc\u00e7 aral\u0131\u011f\u0131: 0,5 &#8211; 120W (+ -% 0,5)<\/p>\n<p>Giri\u015f okuma frekans\u0131 sayac\u0131 (&lt;0,5 W olmal\u0131d\u0131r)<\/p>\n<p>Maksimum g\u00fc\u00e7: 120W<\/p>\n<p>Empedans: 50\u03a9<\/p>\n<p>Boyut: G 76 X Y 77 X D35 mm.<\/p>\n<p>A\u011f\u0131rl\u0131k:<\/p>\n<p>Pil: 3.7V Li-ion \u015earj Edilebilir.<\/p>\n<p>&nbsp;<\/p>\n<p><strong>\u00dcr\u00fcn detaylar\u0131 i\u00e7in bize ula\u015f\u0131n.<\/strong><\/p>\n<p><strong>0539 858 56 45 WhatsApp<\/strong><\/p>\n<p>&nbsp;<\/p>\n","protected":false},"excerpt":{"rendered":"<p>SureCom SW-102 Dijital SWR Metre Herhangi bir kalibrasyon olmadan ileri ve yans\u0131yan g\u00fc\u00e7 do\u011frudan dijital ekranda okuma. 120W&#8217;a kadar maksimum \u00f6l\u00e7\u00fclebilir g\u00fc\u00e7 aral\u0131\u011f\u0131. Frekans tarama SWR de\u011ferleri ekran\u0131 Fonksiyonlar\u0131 : (Frekans, G\u00fc\u00e7, SWR, FW, RW, Pil Seviyesi) \u00d6zellikleri; Frekans aral\u0131\u011f\u0131: 125 &#8211; 525MHz \u00d6l\u00e7\u00fclebilir g\u00fc\u00e7 aral\u0131\u011f\u0131: 0,5 &#8211; 120W (+ -% 0,5) Giri\u015f okuma frekans\u0131 [&hellip;]<\/p>\n","protected":false},"featured_media":806,"template":"","meta":[],"product_brand":[107],"product_cat":[66],"product_tag":[],"class_list":{"0":"post-805","1":"product","2":"type-product","3":"status-publish","4":"has-post-thumbnail","6":"product_brand-surecom","7":"product_cat-swr-metre-test-cihazlari","9":"first","10":"instock","11":"shipping-taxable","12":"product-type-simple"},"_links":{"self":[{"href":"https:\/\/foxelektronik.com\/index.php\/wp-json\/wp\/v2\/product\/805","targetHints":{"allow":["GET"]}}],"collection":[{"href":"https:\/\/foxelektronik.com\/index.php\/wp-json\/wp\/v2\/product"}],"about":[{"href":"https:\/\/foxelektronik.com\/index.php\/wp-json\/wp\/v2\/types\/product"}],"wp:featuredmedia":[{"embeddable":true,"href":"https:\/\/foxelektronik.com\/index.php\/wp-json\/wp\/v2\/media\/806"}],"wp:attachment":[{"href":"https:\/\/foxelektronik.com\/index.php\/wp-json\/wp\/v2\/media?parent=805"}],"wp:term":[{"taxonomy":"product_brand","embeddable":true,"href":"https:\/\/foxelektronik.com\/index.php\/wp-json\/wp\/v2\/product_brand?post=805"},{"taxonomy":"product_cat","embeddable":true,"href":"https:\/\/foxelektronik.com\/index.php\/wp-json\/wp\/v2\/product_cat?post=805"},{"taxonomy":"product_tag","embeddable":true,"href":"https:\/\/foxelektronik.com\/index.php\/wp-json\/wp\/v2\/product_tag?post=805"}],"curies":[{"name":"wp","href":"https:\/\/api.w.org\/{rel}","templated":true}]}}