{"id":820,"date":"2025-06-06T18:27:41","date_gmt":"2025-06-06T15:27:41","guid":{"rendered":"http:\/\/softetik.com\/?post_type=product&#038;p=820"},"modified":"2025-06-30T15:20:49","modified_gmt":"2025-06-30T12:20:49","slug":"diamond-gsv-3000-guc-kaynagi","status":"publish","type":"product","link":"https:\/\/foxelektronik.com\/index.php\/product\/diamond-gsv-3000-guc-kaynagi\/","title":{"rendered":"DIAMOND GSV-3000 G\u00fc\u00e7 Kayna\u011f\u0131"},"content":{"rendered":"<h2 data-start=\"233\" data-end=\"669\"><strong data-start=\"233\" data-end=\"273\">Diamond GSV-3000 30 Amper G\u00dc\u00c7 KAYNA\u011eI (TRAFOLU)<\/strong><\/h2>\n<p data-start=\"233\" data-end=\"669\"><strong data-start=\"233\" data-end=\"273\"><br \/>\nDiamond GSV-3000 trafolu g\u00fc\u00e7 kayna\u011f\u0131<\/strong>, HF ve k\u0131sadalga telsiz cihazlar\u0131 i\u00e7in <strong data-start=\"313\" data-end=\"364\">y\u00fcksek performansl\u0131 ve g\u00fcvenilir enerji kayna\u011f\u0131<\/strong> sunar. Kalitesiz veya yetersiz g\u00fc\u00e7 kaynaklar\u0131n\u0131n neden oldu\u011fu QRM (parazit) sorunlar\u0131n\u0131 ortadan kald\u0131rarak, telsiz cihaz\u0131n\u0131z\u0131n maksimum \u00e7\u0131k\u0131\u015f g\u00fcc\u00fcne ula\u015fmas\u0131na olanak tan\u0131r. Diamond GSV-3000, <strong data-start=\"539\" data-end=\"565\">30 Amper s\u00fcrekli \u00e7\u0131k\u0131\u015f<\/strong> g\u00fcc\u00fc ve <strong data-start=\"574\" data-end=\"601\">ayarlanabilir DC voltaj<\/strong> aral\u0131\u011f\u0131 ile amat\u00f6r ve profesyonel kullan\u0131c\u0131lar i\u00e7in ideal \u00e7\u00f6z\u00fcmd\u00fcr.<\/p>\n<p data-start=\"671\" data-end=\"930\">Diamond GSV-3000 g\u00fc\u00e7l\u00fc yap\u0131s\u0131, sessiz \u00e7al\u0131\u015fan <strong data-start=\"700\" data-end=\"726\">dahili DC so\u011futma fan\u0131<\/strong> ve \u00e7ok y\u00f6nl\u00fc ba\u011flant\u0131 noktalar\u0131 sayesinde saha ve masa\u00fcst\u00fc kullan\u0131mlarda \u00fcst\u00fcn performans sa\u011flar. K\u0131sa dalga, HF telsiz, amat\u00f6r telsiz sistemleri ve di\u011fer y\u00fcksek ak\u0131m gerektiren cihazlarla tam uyumludur.<\/p>\n<hr data-start=\"932\" data-end=\"935\" \/>\n<h3 data-start=\"937\" data-end=\"966\"><strong data-start=\"944\" data-end=\"966\">Teknik \u00d6zellikler:<\/strong><\/h3>\n<ul data-start=\"968\" data-end=\"1339\">\n<li data-start=\"968\" data-end=\"1007\">\n<p data-start=\"970\" data-end=\"1007\"><strong data-start=\"970\" data-end=\"983\">Boyutlar:<\/strong> 250W \u00d7 150H \u00d7 240D mm<\/p>\n<\/li>\n<li data-start=\"1008\" data-end=\"1029\">\n<p data-start=\"1010\" data-end=\"1029\"><strong data-start=\"1010\" data-end=\"1022\">A\u011f\u0131rl\u0131k:<\/strong> 9 kg<\/p>\n<\/li>\n<li data-start=\"1030\" data-end=\"1122\">\n<p data-start=\"1032\" data-end=\"1122\"><strong data-start=\"1032\" data-end=\"1048\">\u00c7\u0131k\u0131\u015f Ak\u0131m\u0131:<\/strong> 30A (S\u00fcrekli) \/ 34A (Aral\u0131kl\u0131 kullan\u0131m: 1 dakika a\u00e7\u0131k, 1 dakika kapal\u0131)<\/p>\n<\/li>\n<li data-start=\"1123\" data-end=\"1169\">\n<p data-start=\"1125\" data-end=\"1169\"><strong data-start=\"1125\" data-end=\"1143\">Giri\u015f Voltaj\u0131:<\/strong> AC220V, 6.5A (50\/60 Hz)<\/p>\n<\/li>\n<li data-start=\"1170\" data-end=\"1223\">\n<p data-start=\"1172\" data-end=\"1223\"><strong data-start=\"1172\" data-end=\"1190\">\u00c7\u0131k\u0131\u015f Voltaj\u0131:<\/strong> DC1V \u2013 15V aras\u0131 ayarlanabilir<\/p>\n<\/li>\n<li data-start=\"1224\" data-end=\"1289\">\n<p data-start=\"1226\" data-end=\"1289\"><strong data-start=\"1226\" data-end=\"1251\">Standart \u00c7\u0131k\u0131\u015f Ak\u0131m\u0131:<\/strong> 13.8V, 30A (8 saat boyunca s\u00fcrekli)<\/p>\n<\/li>\n<li data-start=\"1290\" data-end=\"1339\">\n<p data-start=\"1292\" data-end=\"1339\"><strong data-start=\"1292\" data-end=\"1304\">So\u011futma:<\/strong> Dahili DC fan ile otomatik so\u011futma<\/p>\n<\/li>\n<\/ul>\n<hr data-start=\"1341\" data-end=\"1344\" \/>\n<h3 data-start=\"1346\" data-end=\"1378\"><strong data-start=\"1353\" data-end=\"1378\">\u00d6ne \u00c7\u0131kan \u00d6zellikler:<\/strong><\/h3>\n<ul data-start=\"1380\" data-end=\"1669\">\n<li data-start=\"1380\" data-end=\"1434\">\n<p data-start=\"1382\" data-end=\"1434\"><strong data-start=\"1382\" data-end=\"1415\">Oto \u00e7akmak \u00e7\u0131k\u0131\u015f\u0131 (\u00f6n panel):<\/strong> 10 Amper&#8217;e kadar<\/p>\n<\/li>\n<li data-start=\"1435\" data-end=\"1497\">\n<p data-start=\"1437\" data-end=\"1497\"><strong data-start=\"1437\" data-end=\"1477\">Mandal tip \u00e7\u0131k\u0131\u015flar (g\u00f6sterge alt\u0131):<\/strong> 2 x 6 Amper \u00e7\u0131k\u0131\u015f<\/p>\n<\/li>\n<li data-start=\"1498\" data-end=\"1569\">\n<p data-start=\"1500\" data-end=\"1569\"><strong data-start=\"1500\" data-end=\"1519\">Trafolu sistem:<\/strong> Temiz, kararl\u0131 ve d\u00fc\u015f\u00fck parazitli enerji sa\u011flar<\/p>\n<\/li>\n<li data-start=\"1570\" data-end=\"1669\">\n<p data-start=\"1572\" data-end=\"1669\"><strong data-start=\"1572\" data-end=\"1594\">Uygulama alanlar\u0131:<\/strong> HF telsizler, k\u0131sadalga adapt\u00f6r sistemleri, telsiz besleme ve g\u00fc\u00e7 y\u00f6netimi<\/p>\n<\/li>\n<\/ul>\n","protected":false},"excerpt":{"rendered":"<p>Diamond GSV-3000 30 Amper G\u00dc\u00c7 KAYNA\u011eI (TRAFOLU) Diamond GSV-3000 trafolu g\u00fc\u00e7 kayna\u011f\u0131, HF ve k\u0131sadalga telsiz cihazlar\u0131 i\u00e7in y\u00fcksek performansl\u0131 ve g\u00fcvenilir enerji kayna\u011f\u0131 sunar. Kalitesiz veya yetersiz g\u00fc\u00e7 kaynaklar\u0131n\u0131n neden oldu\u011fu QRM (parazit) sorunlar\u0131n\u0131 ortadan kald\u0131rarak, telsiz cihaz\u0131n\u0131z\u0131n maksimum \u00e7\u0131k\u0131\u015f g\u00fcc\u00fcne ula\u015fmas\u0131na olanak tan\u0131r. Diamond GSV-3000, 30 Amper s\u00fcrekli \u00e7\u0131k\u0131\u015f g\u00fcc\u00fc ve ayarlanabilir DC [&hellip;]<\/p>\n","protected":false},"featured_media":821,"template":"","meta":[],"product_brand":[86],"product_cat":[31,66],"product_tag":[],"class_list":{"0":"post-820","1":"product","2":"type-product","3":"status-publish","4":"has-post-thumbnail","6":"product_brand-diamond","7":"product_cat-en-cok-satanlar","8":"product_cat-swr-metre-test-cihazlari","10":"first","11":"instock","12":"shipping-taxable","13":"product-type-simple"},"_links":{"self":[{"href":"https:\/\/foxelektronik.com\/index.php\/wp-json\/wp\/v2\/product\/820","targetHints":{"allow":["GET"]}}],"collection":[{"href":"https:\/\/foxelektronik.com\/index.php\/wp-json\/wp\/v2\/product"}],"about":[{"href":"https:\/\/foxelektronik.com\/index.php\/wp-json\/wp\/v2\/types\/product"}],"wp:featuredmedia":[{"embeddable":true,"href":"https:\/\/foxelektronik.com\/index.php\/wp-json\/wp\/v2\/media\/821"}],"wp:attachment":[{"href":"https:\/\/foxelektronik.com\/index.php\/wp-json\/wp\/v2\/media?parent=820"}],"wp:term":[{"taxonomy":"product_brand","embeddable":true,"href":"https:\/\/foxelektronik.com\/index.php\/wp-json\/wp\/v2\/product_brand?post=820"},{"taxonomy":"product_cat","embeddable":true,"href":"https:\/\/foxelektronik.com\/index.php\/wp-json\/wp\/v2\/product_cat?post=820"},{"taxonomy":"product_tag","embeddable":true,"href":"https:\/\/foxelektronik.com\/index.php\/wp-json\/wp\/v2\/product_tag?post=820"}],"curies":[{"name":"wp","href":"https:\/\/api.w.org\/{rel}","templated":true}]}}