{"id":825,"date":"2025-06-06T18:29:07","date_gmt":"2025-06-06T15:29:07","guid":{"rendered":"http:\/\/softetik.com\/?post_type=product&#038;p=825"},"modified":"2025-06-19T23:28:31","modified_gmt":"2025-06-19T20:28:31","slug":"wimo-psu-1228-guc-kaynagi","status":"publish","type":"product","link":"https:\/\/foxelektronik.com\/index.php\/product\/wimo-psu-1228-guc-kaynagi\/","title":{"rendered":"WIMO PSU-1228 G\u00fc\u00e7 Kayna\u011f\u0131"},"content":{"rendered":"<p><strong>\u00a0PSU-1228 28AMP G\u00dc\u00c7 KAYNA\u011eI\u00a0<\/strong><\/p>\n<p><strong>Sessizdir:\u00a0<\/strong>\u00dczerindeki fan ancak y\u00fcksek g\u00fc\u00e7 \u00e7ekildi\u011finde devreye girer<\/p>\n<p><strong>G\u00fc\u00e7l\u00fcd\u00fcr:\u00a0<\/strong>\u00c7\u0131k\u0131\u015f g\u00fcc\u00fc max.100watt\u2019a kadar b\u00fct\u00fcn hf\u00a0 telsizlerde rahatl\u0131kla kullan\u0131r,devaml\u0131 olarak 20 amp k\u0131sa s\u00fcreli 28 amp g\u00fc\u00e7 alabilirsiniz.<\/p>\n<p><strong>Kararl\u0131d\u0131r:\u00a0<\/strong>Devaml\u0131 y\u00fckte voltaj tolerans\u0131%2 dir.<\/p>\n<p><strong>Ayd\u0131nlatmal\u0131d\u0131r:\u00a0<\/strong>Kadran ayd\u0131nlatmas\u0131 her ortamda i\u015finizi kolayla\u015ft\u0131r\u0131r,<\/p>\n<p><strong>QRM (Parazit)yapmaz:\u00a0\u00a0<\/strong>\u00fczerindeki noise ofset d\u00fc\u011fmesi ile olas\u0131 QRM engellenir,<\/p>\n<p><strong>Voltaj\u0131 ayarlan\u0131r:\u00a0\u00a0<\/strong>\u00fczerindeki voltage adjust d\u00fc\u011fmeleriyle\u00a0 9-15 aras\u0131 veya sadece 13.8 olarak \u00e7\u0131k\u0131\u015f voltaj\u0131 ayarlanabilir.<\/p>\n<p><strong>Ufak boyutludur:\u00a0<\/strong>155 x 70 x 205 mm (G x Y x D) kompakt boyutlar\u0131yla istasyon masan\u0131z\u0131n \u00fcst\u00fcnde yer kaplamaz sadece 1.5 kg.<\/p>\n<p>&nbsp;<\/p>\n<p>&#8220;BU \u00dcR\u00dcN STOKTA BULUNMAMAKTADIR&#8221;<br \/>\nDetaylar i\u00e7in\u00a00539 858 5645\u00a0&#8216;i aray\u0131n\u0131z.<\/p>\n","protected":false},"excerpt":{"rendered":"<p>\u00a0PSU-1228 28AMP G\u00dc\u00c7 KAYNA\u011eI\u00a0 Sessizdir:\u00a0\u00dczerindeki fan ancak y\u00fcksek g\u00fc\u00e7 \u00e7ekildi\u011finde devreye girer G\u00fc\u00e7l\u00fcd\u00fcr:\u00a0\u00c7\u0131k\u0131\u015f g\u00fcc\u00fc max.100watt\u2019a kadar b\u00fct\u00fcn hf\u00a0 telsizlerde rahatl\u0131kla kullan\u0131r,devaml\u0131 olarak 20 amp k\u0131sa s\u00fcreli 28 amp g\u00fc\u00e7 alabilirsiniz. Kararl\u0131d\u0131r:\u00a0Devaml\u0131 y\u00fckte voltaj tolerans\u0131%2 dir. Ayd\u0131nlatmal\u0131d\u0131r:\u00a0Kadran ayd\u0131nlatmas\u0131 her ortamda i\u015finizi kolayla\u015ft\u0131r\u0131r, QRM (Parazit)yapmaz:\u00a0\u00a0\u00fczerindeki noise ofset d\u00fc\u011fmesi ile olas\u0131 QRM engellenir, Voltaj\u0131 ayarlan\u0131r:\u00a0\u00a0\u00fczerindeki voltage adjust d\u00fc\u011fmeleriyle\u00a0 [&hellip;]<\/p>\n","protected":false},"featured_media":1017,"template":"","meta":[],"product_brand":[105],"product_cat":[66],"product_tag":[],"class_list":{"0":"post-825","1":"product","2":"type-product","3":"status-publish","4":"has-post-thumbnail","6":"product_brand-wimo","7":"product_cat-swr-metre-test-cihazlari","9":"first","10":"instock","11":"shipping-taxable","12":"product-type-simple"},"_links":{"self":[{"href":"https:\/\/foxelektronik.com\/index.php\/wp-json\/wp\/v2\/product\/825","targetHints":{"allow":["GET"]}}],"collection":[{"href":"https:\/\/foxelektronik.com\/index.php\/wp-json\/wp\/v2\/product"}],"about":[{"href":"https:\/\/foxelektronik.com\/index.php\/wp-json\/wp\/v2\/types\/product"}],"wp:featuredmedia":[{"embeddable":true,"href":"https:\/\/foxelektronik.com\/index.php\/wp-json\/wp\/v2\/media\/1017"}],"wp:attachment":[{"href":"https:\/\/foxelektronik.com\/index.php\/wp-json\/wp\/v2\/media?parent=825"}],"wp:term":[{"taxonomy":"product_brand","embeddable":true,"href":"https:\/\/foxelektronik.com\/index.php\/wp-json\/wp\/v2\/product_brand?post=825"},{"taxonomy":"product_cat","embeddable":true,"href":"https:\/\/foxelektronik.com\/index.php\/wp-json\/wp\/v2\/product_cat?post=825"},{"taxonomy":"product_tag","embeddable":true,"href":"https:\/\/foxelektronik.com\/index.php\/wp-json\/wp\/v2\/product_tag?post=825"}],"curies":[{"name":"wp","href":"https:\/\/api.w.org\/{rel}","templated":true}]}}