{"id":827,"date":"2025-06-06T18:29:44","date_gmt":"2025-06-06T15:29:44","guid":{"rendered":"http:\/\/softetik.com\/?post_type=product&#038;p=827"},"modified":"2025-06-30T15:24:04","modified_gmt":"2025-06-30T12:24:04","slug":"wimo-psu-1250-guc-kaynagi","status":"publish","type":"product","link":"https:\/\/foxelektronik.com\/index.php\/product\/wimo-psu-1250-guc-kaynagi\/","title":{"rendered":"WIMO PSU-1250 G\u00fc\u00e7 Kayna\u011f\u0131"},"content":{"rendered":"<p><strong>PSU-1250 50AMP G\u00dc\u00c7 KAYNA\u011eI\u00a0<\/strong><\/p>\n<p>&nbsp;<\/p>\n<p>Sessizdir:\u00dczerindeki fan ancak y\u00fcksek g\u00fc\u00e7 \u00e7ekildi\u011finde devreye girer<\/p>\n<p>G\u00fc\u00e7l\u00fcd\u00fcr:\u00a0\u00e7\u0131k\u0131\u015f g\u00fcc\u00fc max.200 watt\u2019a kadar b\u00fct\u00fcn hf\u00a0 telsizlerde \u00a0ve max 50 amp. Kadar g\u00fc\u00e7 y\u00fckselte\u00e7lerinde\u00a0 rahatl\u0131kla kullan\u0131r,devaml\u0131 olarak 40 amp ,k\u0131sa s\u00fcreli 50 amp g\u00fc\u00e7 alabilirsiniz.<\/p>\n<p>G\u00fcvenlidir:K\u0131sa devre korumas\u0131,ak\u0131m korumas\u0131 ve termal korumas\u0131 mevcuttur.<\/p>\n<p>Kararl\u0131d\u0131r:\u00a0Devaml\u0131 y\u00fckte voltaj tolerans\u0131%2 dir.<\/p>\n<p>Ayd\u0131nlatmal\u0131d\u0131r:\u00a0kadran ayd\u0131nlatmas\u0131 her ortamda i\u015finizi kolayla\u015ft\u0131r\u0131r,<\/p>\n<p>Pratiktir:\u00a0\u00f6n k\u0131s\u0131mda yer alan kapakl\u0131 \u00e7akmak fi\u015fi \u00e7e\u015fitli ama\u00e7lar i\u00e7in kullanabilirsiniz (max.10amp)<\/p>\n<p>QRM (Parazit)yapmaz:\u00a0\u00a0\u00fczerindeki noise ofset d\u00fc\u011fmesi ile olas\u0131 QRM engellenir,<\/p>\n<p>Voltaj\u0131 ayarlan\u0131r:\u00a0\u00a0\u00fczerindeki voltage adjust d\u00fc\u011fmeleriyle\u00a0 9-15 aras\u0131 veya sadece 13.8 olarak \u00e7\u0131k\u0131\u015f voltaj\u0131 ayarlanabilir.<\/p>\n<p>&nbsp;<\/p>\n<p>&#8220;BU \u00dcR\u00dcN STOKTA BULUNMAMAKTADIR&#8221;<br \/>\nDetaylar i\u00e7in\u00a00539 858 5645\u00a0&#8216;i aray\u0131n\u0131z.<\/p>\n","protected":false},"excerpt":{"rendered":"<p>PSU-1250 50AMP G\u00dc\u00c7 KAYNA\u011eI\u00a0 &nbsp; Sessizdir:\u00dczerindeki fan ancak y\u00fcksek g\u00fc\u00e7 \u00e7ekildi\u011finde devreye girer G\u00fc\u00e7l\u00fcd\u00fcr:\u00a0\u00e7\u0131k\u0131\u015f g\u00fcc\u00fc max.200 watt\u2019a kadar b\u00fct\u00fcn hf\u00a0 telsizlerde \u00a0ve max 50 amp. Kadar g\u00fc\u00e7 y\u00fckselte\u00e7lerinde\u00a0 rahatl\u0131kla kullan\u0131r,devaml\u0131 olarak 40 amp ,k\u0131sa s\u00fcreli 50 amp g\u00fc\u00e7 alabilirsiniz. G\u00fcvenlidir:K\u0131sa devre korumas\u0131,ak\u0131m korumas\u0131 ve termal korumas\u0131 mevcuttur. Kararl\u0131d\u0131r:\u00a0Devaml\u0131 y\u00fckte voltaj tolerans\u0131%2 dir. Ayd\u0131nlatmal\u0131d\u0131r:\u00a0kadran ayd\u0131nlatmas\u0131 her [&hellip;]<\/p>\n","protected":false},"featured_media":999,"template":"","meta":[],"product_brand":[105],"product_cat":[66],"product_tag":[],"class_list":{"0":"post-827","1":"product","2":"type-product","3":"status-publish","4":"has-post-thumbnail","6":"product_brand-wimo","7":"product_cat-swr-metre-test-cihazlari","9":"first","10":"instock","11":"shipping-taxable","12":"product-type-simple"},"_links":{"self":[{"href":"https:\/\/foxelektronik.com\/index.php\/wp-json\/wp\/v2\/product\/827","targetHints":{"allow":["GET"]}}],"collection":[{"href":"https:\/\/foxelektronik.com\/index.php\/wp-json\/wp\/v2\/product"}],"about":[{"href":"https:\/\/foxelektronik.com\/index.php\/wp-json\/wp\/v2\/types\/product"}],"wp:featuredmedia":[{"embeddable":true,"href":"https:\/\/foxelektronik.com\/index.php\/wp-json\/wp\/v2\/media\/999"}],"wp:attachment":[{"href":"https:\/\/foxelektronik.com\/index.php\/wp-json\/wp\/v2\/media?parent=827"}],"wp:term":[{"taxonomy":"product_brand","embeddable":true,"href":"https:\/\/foxelektronik.com\/index.php\/wp-json\/wp\/v2\/product_brand?post=827"},{"taxonomy":"product_cat","embeddable":true,"href":"https:\/\/foxelektronik.com\/index.php\/wp-json\/wp\/v2\/product_cat?post=827"},{"taxonomy":"product_tag","embeddable":true,"href":"https:\/\/foxelektronik.com\/index.php\/wp-json\/wp\/v2\/product_tag?post=827"}],"curies":[{"name":"wp","href":"https:\/\/api.w.org\/{rel}","templated":true}]}}